{"id":6,"date":"2021-06-13T06:23:45","date_gmt":"2021-06-13T06:23:45","guid":{"rendered":"http:\/\/www.seyziich.com\/sites\/wtomislav\/?page_id=6"},"modified":"2021-08-25T16:22:51","modified_gmt":"2021-08-25T16:22:51","slug":"home","status":"publish","type":"page","link":"https:\/\/www.armariumprojekt.hr\/","title":{"rendered":"Naslovnica"},"content":{"rendered":"\n<div class=\"wp-block-cover alignfull\" style=\"min-height:700px\"><img loading=\"lazy\" width=\"1366\" height=\"768\" class=\"wp-block-cover__image-background wp-image-47\" alt=\"\" src=\"http:\/\/www.armariumprojekt.hr\/wp-content\/uploads\/2021\/06\/hero.jpg\" style=\"object-position:54% 57%\" data-object-fit=\"cover\" data-object-position=\"54% 57%\" srcset=\"https:\/\/www.armariumprojekt.hr\/wp-content\/uploads\/2021\/06\/hero.jpg 1366w, https:\/\/www.armariumprojekt.hr\/wp-content\/uploads\/2021\/06\/hero-300x169.jpg 300w, https:\/\/www.armariumprojekt.hr\/wp-content\/uploads\/2021\/06\/hero-1024x576.jpg 1024w, https:\/\/www.armariumprojekt.hr\/wp-content\/uploads\/2021\/06\/hero-768x432.jpg 768w\" sizes=\"(max-width: 1366px) 100vw, 1366px\" \/><div class=\"wp-block-cover__inner-container\">\n<div style=\"height:80px\" aria-hidden=\"true\" class=\"wp-block-spacer\"><\/div>\n\n\n\n<h1 class=\"has-text-align-center has-nv-site-bg-color has-text-color\">Namje\u0161taj po mjeri za Va\u0161 dom<\/h1>\n\n\n\n<p class=\"has-text-align-center has-nv-site-bg-color has-text-color\" style=\"font-size:17px\">Stojimo Vam na raspolaganju s modernim pristupom, vrhunskom izradom te kvalitetnim proizvodom<\/p>\n\n\n\n<div class=\"wp-block-buttons is-content-justification-center\">\n<div class=\"wp-block-button is-style-primary\"><a class=\"wp-block-button__link\" href=\"http:\/\/www.armariumprojekt.hr\/index.php\/kontakt\/\">KONTAKTIRAJTE NAS<\/a><\/div>\n\n\n\n<div class=\"wp-block-button is-style-secondary\"><a class=\"wp-block-button__link\" href=\"http:\/\/www.armariumprojekt.hr\/index.php\/zadnji-radovi\/\">ZADNJI RADOVI<\/a><\/div>\n<\/div>\n\n\n\n<div style=\"height:80px\" aria-hidden=\"true\" class=\"wp-block-spacer\"><\/div>\n\n\n\n<div style=\"height:80px\" aria-hidden=\"true\" class=\"wp-block-spacer\"><\/div>\n<\/div><\/div>\n\n\n\n<div style=\"height:80px\" aria-hidden=\"true\" class=\"wp-block-spacer\"><\/div>\n\n\n\n<div class=\"wp-block-columns\">\n<div class=\"wp-block-column\">\n<div class=\"wp-block-image icon-style is-style-default\"><figure class=\"aligncenter size-large is-resized\"><img loading=\"lazy\" src=\"http:\/\/www.armariumprojekt.hr\/wp-content\/themes\/wood_tomislav\/assets\/img\/starter-content\/icon-03.svg\" alt=\"\" width=\"48\" height=\"48\"\/><\/figure><\/div>\n\n\n\n<h3 class=\"has-text-align-center has-neve-text-color-color has-text-color\">Precizno<\/h3>\n\n\n\n<p class=\"has-text-align-center\">Do Va\u0161eg \u017eeljenog proizvoda do\u010di \u0107emo preciznim mjerenjem te preciznom izradom samog proizvoda. <\/p>\n\n\n\n<div style=\"height:20px\" aria-hidden=\"true\" class=\"wp-block-spacer\"><\/div>\n<\/div>\n\n\n\n<div class=\"wp-block-column\">\n<div class=\"wp-block-image icon-style is-style-default\"><figure class=\"aligncenter size-large is-resized\"><img loading=\"lazy\" src=\"http:\/\/www.armariumprojekt.hr\/wp-content\/themes\/wood_tomislav\/assets\/img\/starter-content\/icon-02.svg\" alt=\"\" width=\"48\" height=\"48\"\/><\/figure><\/div>\n\n\n\n<h3 class=\"has-text-align-center has-neve-text-color-color has-text-color\">Moderno<\/h3>\n\n\n\n<p class=\"has-text-align-center\">Stvaramo proizvode po Va\u0161oj \u017eelji uz moderan pristup.<\/p>\n\n\n\n<div style=\"height:20px\" aria-hidden=\"true\" class=\"wp-block-spacer\"><\/div>\n<\/div>\n\n\n\n<div class=\"wp-block-column\">\n<div class=\"wp-block-image icon-style is-style-rounded\"><figure class=\"aligncenter size-large is-resized\"><img loading=\"lazy\" src=\"http:\/\/www.armariumprojekt.hr\/wp-content\/themes\/wood_tomislav\/assets\/img\/starter-content\/icon-01.svg\" alt=\"\" width=\"48\" height=\"48\"\/><\/figure><\/div>\n\n\n\n<h3 class=\"has-text-align-center has-neve-text-color-color has-text-color\">Efikasno<\/h3>\n\n\n\n<p class=\"has-text-align-center\">Po Va\u0161oj \u017eelji kreiramo proizvod uz efikasne metode kori\u0161tenja.<\/p>\n\n\n\n<div style=\"height:20px\" aria-hidden=\"true\" class=\"wp-block-spacer\"><\/div>\n<\/div>\n<\/div>\n\n\n\n<div style=\"height:80px\" aria-hidden=\"true\" class=\"wp-block-spacer\"><\/div>\n\n\n\n<div class=\"wp-block-cover alignfull has-background-dim\" style=\"background-color:#ffd6b2;min-height:600px\"><div class=\"wp-block-cover__inner-container\">\n<div class=\"wp-block-group\"><div class=\"wp-block-group__inner-container\">\n<div style=\"height:80px\" aria-hidden=\"true\" class=\"wp-block-spacer\"><\/div>\n\n\n\n<div class=\"wp-block-columns are-vertically-aligned-center\">\n<div class=\"wp-block-column is-vertically-aligned-center\" style=\"flex-basis:50%\">\n<figure class=\"wp-block-image size-large\"><img src=\"http:\/\/www.armariumprojekt.hr\/wp-content\/uploads\/2021\/06\/kuhinja_thumb.jpg\" alt=\"\"\/><\/figure>\n<\/div>\n\n\n\n<div class=\"wp-block-column is-vertically-aligned-center\" style=\"flex-basis:50%\">\n<div style=\"height:20px\" aria-hidden=\"true\" class=\"wp-block-spacer\"><\/div>\n\n\n\n<h2 class=\"has-text-align-left has-neve-text-color-color has-text-color\">Kuhinje<\/h2>\n\n\n\n<p class=\"has-text-align-left has-neve-text-color-color has-text-color\" style=\"font-size:17px\">Nudimo Vam moderan pristup u izradi Va\u0161e kuhinje po mjeri i prilago\u0111avamo se Va\u0161im potrebama.<\/p>\n\n\n\n<div class=\"wp-block-buttons is-content-justification-left\">\n<div class=\"wp-block-button is-style-primary\"><a class=\"wp-block-button__link\" href=\"http:\/\/www.armariumprojekt.hr\/index.php\/kuhinje\/\">PRIKAZ KUHINJA<\/a><\/div>\n<\/div>\n<\/div>\n<\/div>\n\n\n\n<div style=\"height:40px\" aria-hidden=\"true\" class=\"wp-block-spacer\"><\/div>\n<\/div><\/div>\n<\/div><\/div>\n\n\n\n<div class=\"wp-block-cover alignfull has-nv-site-bg-background-color has-background-dim\" style=\"min-height:600px\"><div class=\"wp-block-cover__inner-container\">\n<div class=\"wp-block-group\"><div class=\"wp-block-group__inner-container\">\n<div style=\"height:80px\" aria-hidden=\"true\" class=\"wp-block-spacer\"><\/div>\n\n\n\n<div class=\"wp-block-columns are-vertically-aligned-center\">\n<div class=\"wp-block-column is-vertically-aligned-center\" style=\"flex-basis:50%\">\n<h2 class=\"has-text-align-left has-neve-text-color-color has-text-color\">Namje\u0161taj<\/h2>\n\n\n\n<p class=\"has-text-align-left has-neve-text-color-color has-text-color\" style=\"font-size:17px\">Nudimo Vam moderan pristup u izradi namje\u0161taja po Va\u0161oj \u017eelji. Stolovi, klizna vrata, ormari te ostalo.<\/p>\n\n\n\n<div class=\"wp-block-buttons is-content-justification-left\">\n<div class=\"wp-block-button is-style-primary\"><a class=\"wp-block-button__link\" href=\"http:\/\/www.armariumprojekt.hr\/index.php\/namjestaj\/\">PRIKAZ NAMJE\u0160TAJA<\/a><\/div>\n<\/div>\n\n\n\n<div style=\"height:40px\" aria-hidden=\"true\" class=\"wp-block-spacer\"><\/div>\n<\/div>\n\n\n\n<div class=\"wp-block-column is-vertically-aligned-center\" style=\"flex-basis:50%\">\n<figure class=\"wp-block-image size-large\"><img src=\"http:\/\/www.armariumprojekt.hr\/wp-content\/uploads\/2021\/06\/namjestaj_thumb.jpg\" alt=\"\"\/><\/figure>\n<\/div>\n<\/div>\n\n\n\n<div style=\"height:40px\" aria-hidden=\"true\" class=\"wp-block-spacer\"><\/div>\n<\/div><\/div>\n<\/div><\/div>\n\n\n\n<div class=\"wp-block-cover alignfull has-nv-dark-bg-background-color has-background-dim\" style=\"min-height:300px\"><div class=\"wp-block-cover__inner-container\">\n<div style=\"height:140px\" aria-hidden=\"true\" class=\"wp-block-spacer\"><\/div>\n\n\n\n<h2 class=\"has-text-align-center has-nv-text-dark-bg-color has-text-color\">Zainteresirani ste za na\u0161e usluge?<\/h2>\n\n\n\n<div class=\"wp-block-buttons is-content-justification-center\">\n<div class=\"wp-block-button is-style-primary\"><a class=\"wp-block-button__link\" href=\"http:\/\/www.armariumprojekt.hr\/index.php\/kontakt\/\">KONTAKTIRAJTE NAS<\/a><\/div>\n<\/div>\n<\/div><\/div>\n\n\n\n<div class=\"wp-block-cover alignfull has-nv-dark-bg-background-color has-background-dim\" style=\"min-height:300px\"><div class=\"wp-block-cover__inner-container\">\n<div style=\"height:80px\" aria-hidden=\"true\" class=\"wp-block-spacer\"><\/div>\n\n\n\n<div class=\"wp-block-image is-style-rounded\"><figure class=\"alignleft size-large is-resized\"><img src=\"http:\/\/www.armariumprojekt.hr\/wp-content\/uploads\/2021\/08\/cropped-logo-edited.png\" alt=\"\" width=\"250\"\/><\/figure><\/div>\n\n\n\n<p class=\"has-text-align-left has-nv-text-dark-bg-color has-text-color\">ARMARIUM PROJEKT d.o.o<br>Novoselski odvojak II. 21, Zagreb<br>Kontakt: 091\/4848-100<\/p>\n\n\n\n<div style=\"height:80px\" aria-hidden=\"true\" class=\"wp-block-spacer\"><\/div>\n<\/div><\/div>\n","protected":false},"excerpt":{"rendered":"<p>Precizno Do Va\u0161eg \u017eeljenog proizvoda do\u010di \u0107emo preciznim mjerenjem te preciznom izradom samog proizvoda. Moderno Stvaramo proizvode po Va\u0161oj \u017eelji uz moderan pristup. Efikasno Po Va\u0161oj \u017eelji kreiramo proizvod uz efikasne metode kori\u0161tenja.<\/p>\n","protected":false},"author":1,"featured_media":0,"parent":0,"menu_order":0,"comment_status":"closed","ping_status":"closed","template":"","meta":{"neve_meta_sidebar":"","neve_meta_container":"","neve_meta_enable_content_width":"on","neve_meta_content_width":100,"neve_meta_title_alignment":"","neve_meta_author_avatar":"","neve_post_elements_order":"","neve_meta_disable_header":"","neve_meta_disable_footer":"","neve_meta_disable_title":"on"},"yst_prominent_words":[],"yoast_head":"<!-- This site is optimized with the Yoast SEO Premium plugin v14.1 - https:\/\/yoast.com\/wordpress\/plugins\/seo\/ -->\n<title>Naslovnica - Armarium Projekt<\/title>\n<meta name=\"robots\" content=\"index, follow\" \/>\n<meta name=\"googlebot\" content=\"index, follow, max-snippet:-1, max-image-preview:large, max-video-preview:-1\" \/>\n<meta name=\"bingbot\" content=\"index, follow, max-snippet:-1, max-image-preview:large, max-video-preview:-1\" \/>\n<link rel=\"canonical\" href=\"http:\/\/www.armariumprojekt.hr\/\" \/>\n<meta property=\"og:locale\" content=\"en_US\" \/>\n<meta property=\"og:type\" content=\"article\" \/>\n<meta property=\"og:title\" content=\"Naslovnica - Armarium Projekt\" \/>\n<meta property=\"og:description\" content=\"Precizno Do Va\u0161eg \u017eeljenog proizvoda do\u010di \u0107emo preciznim mjerenjem te preciznom izradom samog proizvoda. Moderno Stvaramo proizvode po Va\u0161oj \u017eelji uz moderan pristup. Efikasno Po Va\u0161oj \u017eelji kreiramo proizvod uz efikasne metode kori\u0161tenja.\" \/>\n<meta property=\"og:url\" content=\"http:\/\/www.armariumprojekt.hr\/\" \/>\n<meta property=\"og:site_name\" content=\"Armarium Projekt\" \/>\n<meta property=\"article:modified_time\" content=\"2021-08-25T16:22:51+00:00\" \/>\n<meta property=\"og:image\" content=\"http:\/\/www.armariumprojekt.hr\/wp-content\/uploads\/2021\/06\/hero.jpg\" \/>\n<meta name=\"twitter:card\" content=\"summary_large_image\" \/>\n<script type=\"application\/ld+json\" class=\"yoast-schema-graph\">{\"@context\":\"https:\/\/schema.org\",\"@graph\":[{\"@type\":\"Organization\",\"@id\":\"https:\/\/www.armariumprojekt.hr\/#organization\",\"name\":\"Armarium Projekt\",\"url\":\"https:\/\/www.armariumprojekt.hr\/\",\"sameAs\":[\"http:\/\/www.instagram.com\/armariumprojekt.hr\"],\"logo\":{\"@type\":\"ImageObject\",\"@id\":\"https:\/\/www.armariumprojekt.hr\/#logo\",\"inLanguage\":\"en-US\",\"url\":\"https:\/\/www.armariumprojekt.hr\/wp-content\/uploads\/2021\/08\/cropped-logo-edited.png\",\"width\":645,\"height\":215,\"caption\":\"Armarium Projekt\"},\"image\":{\"@id\":\"https:\/\/www.armariumprojekt.hr\/#logo\"}},{\"@type\":\"WebSite\",\"@id\":\"https:\/\/www.armariumprojekt.hr\/#website\",\"url\":\"https:\/\/www.armariumprojekt.hr\/\",\"name\":\"Armarium Projekt\",\"description\":\"Armarium Projekt - Slu\\u017ebena web stranica\",\"publisher\":{\"@id\":\"https:\/\/www.armariumprojekt.hr\/#organization\"},\"potentialAction\":[{\"@type\":\"SearchAction\",\"target\":\"https:\/\/www.armariumprojekt.hr\/?s={search_term_string}\",\"query-input\":\"required name=search_term_string\"}],\"inLanguage\":\"en-US\"},{\"@type\":\"ImageObject\",\"@id\":\"http:\/\/www.armariumprojekt.hr\/#primaryimage\",\"inLanguage\":\"en-US\",\"url\":\"http:\/\/www.armariumprojekt.hr\/wp-content\/uploads\/2021\/06\/hero.jpg\"},{\"@type\":\"WebPage\",\"@id\":\"http:\/\/www.armariumprojekt.hr\/#webpage\",\"url\":\"http:\/\/www.armariumprojekt.hr\/\",\"name\":\"Naslovnica - Armarium Projekt\",\"isPartOf\":{\"@id\":\"https:\/\/www.armariumprojekt.hr\/#website\"},\"primaryImageOfPage\":{\"@id\":\"http:\/\/www.armariumprojekt.hr\/#primaryimage\"},\"datePublished\":\"2021-06-13T06:23:45+00:00\",\"dateModified\":\"2021-08-25T16:22:51+00:00\",\"inLanguage\":\"en-US\",\"potentialAction\":[{\"@type\":\"ReadAction\",\"target\":[\"http:\/\/www.armariumprojekt.hr\/\"]}]}]}<\/script>\n<!-- \/ Yoast SEO Premium plugin. -->","_links":{"self":[{"href":"https:\/\/www.armariumprojekt.hr\/index.php\/wp-json\/wp\/v2\/pages\/6"}],"collection":[{"href":"https:\/\/www.armariumprojekt.hr\/index.php\/wp-json\/wp\/v2\/pages"}],"about":[{"href":"https:\/\/www.armariumprojekt.hr\/index.php\/wp-json\/wp\/v2\/types\/page"}],"author":[{"embeddable":true,"href":"https:\/\/www.armariumprojekt.hr\/index.php\/wp-json\/wp\/v2\/users\/1"}],"replies":[{"embeddable":true,"href":"https:\/\/www.armariumprojekt.hr\/index.php\/wp-json\/wp\/v2\/comments?post=6"}],"version-history":[{"count":30,"href":"https:\/\/www.armariumprojekt.hr\/index.php\/wp-json\/wp\/v2\/pages\/6\/revisions"}],"predecessor-version":[{"id":370,"href":"https:\/\/www.armariumprojekt.hr\/index.php\/wp-json\/wp\/v2\/pages\/6\/revisions\/370"}],"wp:attachment":[{"href":"https:\/\/www.armariumprojekt.hr\/index.php\/wp-json\/wp\/v2\/media?parent=6"}],"wp:term":[{"taxonomy":"yst_prominent_words","embeddable":true,"href":"https:\/\/www.armariumprojekt.hr\/index.php\/wp-json\/wp\/v2\/yst_prominent_words?post=6"}],"curies":[{"name":"wp","href":"https:\/\/api.w.org\/{rel}","templated":true}]}}